{"id":3236,"date":"2026-01-20T16:18:42","date_gmt":"2026-01-20T15:18:42","guid":{"rendered":"https:\/\/dev.b-w-parts-for-perfection.com\/mentions-legales\/"},"modified":"2026-03-03T10:21:50","modified_gmt":"2026-03-03T09:21:50","slug":"mentions-legales","status":"publish","type":"page","link":"https:\/\/www.b-w-parts-for-perfection.com\/fr\/mentions-legales\/","title":{"rendered":"Mentions l\u00e9gales"},"content":{"rendered":"\t\t<div data-elementor-type=\"wp-page\" data-elementor-id=\"3236\" class=\"elementor elementor-3236 elementor-751\" data-elementor-post-type=\"page\">\n\t\t\t\t<div class=\"elementor-element elementor-element-57fe6ca e-flex e-con-boxed e-con e-parent\" data-id=\"57fe6ca\" data-element_type=\"container\" data-e-type=\"container\">\n\t\t\t\t\t<div class=\"e-con-inner\">\n\t\t\t\t<div class=\"elementor-element elementor-element-30fe3eb elementor-widget elementor-widget-text-editor\" data-id=\"30fe3eb\" data-element_type=\"widget\" data-e-type=\"widget\" data-widget_type=\"text-editor.default\">\n\t\t\t\t\t\t\t\t\t<p><strong>La r\u00e9alisation de Hofbauer.de est assur\u00e9e par B&amp;W PolyEngineering T\u00fcrkheim GmbH.<\/strong><\/p><h2>Informations conform\u00e9ment \u00e0 l&rsquo;article 5 de la TMG :<\/h2><p>B&amp;W PolyEngineering T\u00fcrkheim GmbH<br>Unterfeldstr. 1a, 86842<br>T\u00fcrkheim, Allemagne <\/p><p>Repr\u00e9sent\u00e9 par :<br>Directeur g\u00e9n\u00e9ral : Dirk Uhlenbrock<\/p><p>Contact :<br>T\u00e9l\u00e9phone : +49 (0) 8245 78996-0<br>T\u00e9l\u00e9copie : +49 (0) 8245 78996-60<br>E-mail : <a href=\"mailto:tuerkheim@b-w-international.com\">tuerkheim@b-w-international.com<\/a><\/p><p><strong>Inscription au registre :<\/strong><br>Inscription au registre du commerce.<br>Tribunal d&rsquo;enregistrement : Amtsgericht Memmingen<br>Num\u00e9ro d&rsquo;enregistrement : HRB 18537<\/p><p><strong>TVA :<\/strong><br>Num\u00e9ro d&rsquo;identification TVA conform\u00e9ment \u00e0 l&rsquo;article 27a de la loi sur la TVA :<br>DE 249 743 931<\/p><p><strong>R\u00e8glement des litiges<\/strong><br>Nous ne sommes ni dispos\u00e9s ni oblig\u00e9s de participer \u00e0 des proc\u00e9dures de r\u00e8glement des litiges devant un<br>organisme de conciliation des consommateurs.<\/p><p><strong>Responsabilit\u00e9 pour le contenu<\/strong><br>En tant que prestataire de services, nous sommes responsables de nos propres contenus sur ces pages conform\u00e9ment aux<br>lois g\u00e9n\u00e9rales, en vertu de l&rsquo;article 7, paragraphe 1 de la TMG. Cependant, en vertu des articles 8 \u00e0 10 de la TMG, nous ne sommes pas<br>oblig\u00e9s, en tant que prestataire de services, de surveiller les informations tierces transmises ou stock\u00e9es ou de rechercher des circonstances<br>indiquant une activit\u00e9 ill\u00e9gale.<br>Les obligations de supprimer ou de bloquer l&rsquo;utilisation d&rsquo;informations conform\u00e9ment aux lois g\u00e9n\u00e9rales<br>restent inchang\u00e9es. Une responsabilit\u00e9 \u00e0 cet \u00e9gard n&rsquo;est toutefois possible qu&rsquo;\u00e0 partir du moment o\u00f9 une violation sp\u00e9cifique de la loi est connue.<br>D\u00e8s que nous aurons connaissance de telles violations, nous supprimerons imm\u00e9diatement ces contenus.    <\/p><p><strong>Responsabilit\u00e9 pour les liens<\/strong><br>Notre offre contient des liens vers des sites web externes de tiers, sur le contenu desquels nous n&rsquo;avons aucune influence.<br>Par cons\u00e9quent, nous ne pouvons assumer aucune garantie pour ces contenus externes. Le fournisseur ou l&rsquo;op\u00e9rateur des pages<br>li\u00e9es est toujours responsable de leur contenu. Les pages li\u00e9es ont \u00e9t\u00e9 v\u00e9rifi\u00e9es au moment de la cr\u00e9ation du lien pour d&rsquo;\u00e9ventuelles violations l\u00e9gales.<br>Aucun contenu ill\u00e9gal n&rsquo;\u00e9tait reconnaissable au moment de la cr\u00e9ation du lien.<br>Cependant, un contr\u00f4le permanent du contenu des pages li\u00e9es n&rsquo;est pas raisonnable sans indices concrets d&rsquo;une<br>violation l\u00e9gale. D\u00e8s que nous aurons connaissance de violations l\u00e9gales, nous supprimerons imm\u00e9diatement ces liens.    <\/p><p><strong>Droit d&rsquo;auteur<\/strong><br>Les contenus et \u0153uvres cr\u00e9\u00e9s par les op\u00e9rateurs du site sur ces pages sont soumis au droit d&rsquo;auteur allemand.<br>La reproduction, le traitement, la diffusion et toute forme d&rsquo;exploitation en dehors des<br>limites du droit d&rsquo;auteur n\u00e9cessitent le consentement \u00e9crit de l&rsquo;auteur ou du<br>cr\u00e9ateur respectif. Les t\u00e9l\u00e9chargements et copies de cette page ne sont autoris\u00e9s que pour un usage priv\u00e9 et non commercial.  <\/p><p>Dans la mesure o\u00f9 les contenus de cette page n&rsquo;ont pas \u00e9t\u00e9 cr\u00e9\u00e9s par l&rsquo;op\u00e9rateur, les droits d&rsquo;auteur de tiers<br>sont respect\u00e9s. En particulier, les contenus de tiers sont identifi\u00e9s comme tels. Si vous deviez n\u00e9anmoins prendre connaissance d&rsquo;une<br>violation du droit d&rsquo;auteur, nous vous prions de nous en informer. D\u00e8s que nous aurons connaissance de violations l\u00e9gales, nous supprimerons imm\u00e9diatement ces contenus.   <\/p><p>Cr\u00e9\u00e9 par :<\/p><p>\u00a9 Website-Check GmbH \u2013<a href=\"https:\/\/website-check.de\/\"> www.website-check.de<\/a><\/p>\t\t\t\t\t\t\t\t<\/div>\n\t\t\t\t\t<\/div>\n\t\t\t\t<\/div>\n\t\t\t\t<\/div>\n\t\t","protected":false},"excerpt":{"rendered":"<p>La r\u00e9alisation de Hofbauer.de est assur\u00e9e par B&amp;W PolyEngineering T\u00fcrkheim GmbH. Informations conform\u00e9ment \u00e0 l&rsquo;article 5 de la TMG : B&amp;W PolyEngineering T\u00fcrkheim GmbHUnterfeldstr. 1a, 86842T\u00fcrkheim, Allemagne Repr\u00e9sent\u00e9 par :Directeur g\u00e9n\u00e9ral : Dirk Uhlenbrock Contact :T\u00e9l\u00e9phone : +49 (0) 8245 78996-0T\u00e9l\u00e9copie : +49 (0) 8245 78996-60E-mail : tuerkheim@b-w-international.com Inscription au registre :Inscription au registre du [&hellip;]<\/p>\n","protected":false},"author":6,"featured_media":0,"parent":0,"menu_order":0,"comment_status":"closed","ping_status":"closed","template":"","meta":{"_acf_changed":false,"footnotes":""},"class_list":["post-3236","page","type-page","status-publish","hentry"],"acf":[],"yoast_head":"<!-- This site is optimized with the Yoast SEO plugin v27.2 - https:\/\/yoast.com\/product\/yoast-seo-wordpress\/ -->\n<title>Mentions l\u00e9gales - B&amp;W Parts-for-Perfection<\/title>\n<meta name=\"robots\" content=\"index, follow, max-snippet:-1, max-image-preview:large, max-video-preview:-1\" \/>\n<link rel=\"canonical\" href=\"https:\/\/www.b-w-parts-for-perfection.com\/fr\/mentions-legales\/\" \/>\n<meta property=\"og:locale\" content=\"fr_FR\" \/>\n<meta property=\"og:type\" content=\"article\" \/>\n<meta property=\"og:title\" content=\"Mentions l\u00e9gales - B&amp;W Parts-for-Perfection\" \/>\n<meta property=\"og:description\" content=\"La r\u00e9alisation de Hofbauer.de est assur\u00e9e par B&amp;W PolyEngineering T\u00fcrkheim GmbH. Informations conform\u00e9ment \u00e0 l&rsquo;article 5 de la TMG : B&amp;W PolyEngineering T\u00fcrkheim GmbHUnterfeldstr. 1a, 86842T\u00fcrkheim, Allemagne Repr\u00e9sent\u00e9 par :Directeur g\u00e9n\u00e9ral : Dirk Uhlenbrock Contact :T\u00e9l\u00e9phone : +49 (0) 8245 78996-0T\u00e9l\u00e9copie : +49 (0) 8245 78996-60E-mail : tuerkheim@b-w-international.com Inscription au registre :Inscription au registre du [&hellip;]\" \/>\n<meta property=\"og:url\" content=\"https:\/\/www.b-w-parts-for-perfection.com\/fr\/mentions-legales\/\" \/>\n<meta property=\"og:site_name\" content=\"B&amp;W Parts-for-Perfection\" \/>\n<meta property=\"article:modified_time\" content=\"2026-03-03T09:21:50+00:00\" \/>\n<meta name=\"twitter:label1\" content=\"Dur\u00e9e de lecture estim\u00e9e\" \/>\n\t<meta name=\"twitter:data1\" content=\"3 minutes\" \/>\n<script type=\"application\/ld+json\" class=\"yoast-schema-graph\">{\"@context\":\"https:\/\/schema.org\",\"@graph\":[{\"@type\":\"WebPage\",\"@id\":\"https:\/\/www.b-w-parts-for-perfection.com\/fr\/mentions-legales\/\",\"url\":\"https:\/\/www.b-w-parts-for-perfection.com\/fr\/mentions-legales\/\",\"name\":\"Mentions l\u00e9gales - B&amp;W Parts-for-Perfection\",\"isPartOf\":{\"@id\":\"https:\/\/www.b-w-parts-for-perfection.com\/fr\/#website\"},\"datePublished\":\"2026-01-20T15:18:42+00:00\",\"dateModified\":\"2026-03-03T09:21:50+00:00\",\"breadcrumb\":{\"@id\":\"https:\/\/www.b-w-parts-for-perfection.com\/fr\/mentions-legales\/#breadcrumb\"},\"inLanguage\":\"fr-FR\",\"potentialAction\":[{\"@type\":\"ReadAction\",\"target\":[\"https:\/\/www.b-w-parts-for-perfection.com\/fr\/mentions-legales\/\"]}]},{\"@type\":\"BreadcrumbList\",\"@id\":\"https:\/\/www.b-w-parts-for-perfection.com\/fr\/mentions-legales\/#breadcrumb\",\"itemListElement\":[{\"@type\":\"ListItem\",\"position\":1,\"name\":\"Home\",\"item\":\"https:\/\/www.b-w-parts-for-perfection.com\/fr\/accueil\/\"},{\"@type\":\"ListItem\",\"position\":2,\"name\":\"Mentions l\u00e9gales\"}]},{\"@type\":\"WebSite\",\"@id\":\"https:\/\/www.b-w-parts-for-perfection.com\/fr\/#website\",\"url\":\"https:\/\/www.b-w-parts-for-perfection.com\/fr\/\",\"name\":\"B&amp;W Parts-for-Perfection\",\"description\":\"Innovative Kunststoffl\u00f6sungen\",\"publisher\":{\"@id\":\"https:\/\/www.b-w-parts-for-perfection.com\/fr\/#organization\"},\"potentialAction\":[{\"@type\":\"SearchAction\",\"target\":{\"@type\":\"EntryPoint\",\"urlTemplate\":\"https:\/\/www.b-w-parts-for-perfection.com\/fr\/?s={search_term_string}\"},\"query-input\":{\"@type\":\"PropertyValueSpecification\",\"valueRequired\":true,\"valueName\":\"search_term_string\"}}],\"inLanguage\":\"fr-FR\"},{\"@type\":\"Organization\",\"@id\":\"https:\/\/www.b-w-parts-for-perfection.com\/fr\/#organization\",\"name\":\"B&amp;W Parts-for-Perfection\",\"url\":\"https:\/\/www.b-w-parts-for-perfection.com\/fr\/\",\"logo\":{\"@type\":\"ImageObject\",\"inLanguage\":\"fr-FR\",\"@id\":\"https:\/\/www.b-w-parts-for-perfection.com\/fr\/#\/schema\/logo\/image\/\",\"url\":\"https:\/\/www.b-w-parts-for-perfection.com\/wp-content\/uploads\/2026\/01\/logo-b-w-international-gold-slogan.svg\",\"contentUrl\":\"https:\/\/www.b-w-parts-for-perfection.com\/wp-content\/uploads\/2026\/01\/logo-b-w-international-gold-slogan.svg\",\"width\":107,\"height\":40,\"caption\":\"B&amp;W Parts-for-Perfection\"},\"image\":{\"@id\":\"https:\/\/www.b-w-parts-for-perfection.com\/fr\/#\/schema\/logo\/image\/\"}}]}<\/script>\n<!-- \/ Yoast SEO plugin. -->","yoast_head_json":{"title":"Mentions l\u00e9gales - B&amp;W Parts-for-Perfection","robots":{"index":"index","follow":"follow","max-snippet":"max-snippet:-1","max-image-preview":"max-image-preview:large","max-video-preview":"max-video-preview:-1"},"canonical":"https:\/\/www.b-w-parts-for-perfection.com\/fr\/mentions-legales\/","og_locale":"fr_FR","og_type":"article","og_title":"Mentions l\u00e9gales - B&amp;W Parts-for-Perfection","og_description":"La r\u00e9alisation de Hofbauer.de est assur\u00e9e par B&amp;W PolyEngineering T\u00fcrkheim GmbH. Informations conform\u00e9ment \u00e0 l&rsquo;article 5 de la TMG : B&amp;W PolyEngineering T\u00fcrkheim GmbHUnterfeldstr. 1a, 86842T\u00fcrkheim, Allemagne Repr\u00e9sent\u00e9 par :Directeur g\u00e9n\u00e9ral : Dirk Uhlenbrock Contact :T\u00e9l\u00e9phone : +49 (0) 8245 78996-0T\u00e9l\u00e9copie : +49 (0) 8245 78996-60E-mail : tuerkheim@b-w-international.com Inscription au registre :Inscription au registre du [&hellip;]","og_url":"https:\/\/www.b-w-parts-for-perfection.com\/fr\/mentions-legales\/","og_site_name":"B&amp;W Parts-for-Perfection","article_modified_time":"2026-03-03T09:21:50+00:00","twitter_misc":{"Dur\u00e9e de lecture estim\u00e9e":"3 minutes"},"schema":{"@context":"https:\/\/schema.org","@graph":[{"@type":"WebPage","@id":"https:\/\/www.b-w-parts-for-perfection.com\/fr\/mentions-legales\/","url":"https:\/\/www.b-w-parts-for-perfection.com\/fr\/mentions-legales\/","name":"Mentions l\u00e9gales - B&amp;W Parts-for-Perfection","isPartOf":{"@id":"https:\/\/www.b-w-parts-for-perfection.com\/fr\/#website"},"datePublished":"2026-01-20T15:18:42+00:00","dateModified":"2026-03-03T09:21:50+00:00","breadcrumb":{"@id":"https:\/\/www.b-w-parts-for-perfection.com\/fr\/mentions-legales\/#breadcrumb"},"inLanguage":"fr-FR","potentialAction":[{"@type":"ReadAction","target":["https:\/\/www.b-w-parts-for-perfection.com\/fr\/mentions-legales\/"]}]},{"@type":"BreadcrumbList","@id":"https:\/\/www.b-w-parts-for-perfection.com\/fr\/mentions-legales\/#breadcrumb","itemListElement":[{"@type":"ListItem","position":1,"name":"Home","item":"https:\/\/www.b-w-parts-for-perfection.com\/fr\/accueil\/"},{"@type":"ListItem","position":2,"name":"Mentions l\u00e9gales"}]},{"@type":"WebSite","@id":"https:\/\/www.b-w-parts-for-perfection.com\/fr\/#website","url":"https:\/\/www.b-w-parts-for-perfection.com\/fr\/","name":"B&amp;W Parts-for-Perfection","description":"Innovative Kunststoffl\u00f6sungen","publisher":{"@id":"https:\/\/www.b-w-parts-for-perfection.com\/fr\/#organization"},"potentialAction":[{"@type":"SearchAction","target":{"@type":"EntryPoint","urlTemplate":"https:\/\/www.b-w-parts-for-perfection.com\/fr\/?s={search_term_string}"},"query-input":{"@type":"PropertyValueSpecification","valueRequired":true,"valueName":"search_term_string"}}],"inLanguage":"fr-FR"},{"@type":"Organization","@id":"https:\/\/www.b-w-parts-for-perfection.com\/fr\/#organization","name":"B&amp;W Parts-for-Perfection","url":"https:\/\/www.b-w-parts-for-perfection.com\/fr\/","logo":{"@type":"ImageObject","inLanguage":"fr-FR","@id":"https:\/\/www.b-w-parts-for-perfection.com\/fr\/#\/schema\/logo\/image\/","url":"https:\/\/www.b-w-parts-for-perfection.com\/wp-content\/uploads\/2026\/01\/logo-b-w-international-gold-slogan.svg","contentUrl":"https:\/\/www.b-w-parts-for-perfection.com\/wp-content\/uploads\/2026\/01\/logo-b-w-international-gold-slogan.svg","width":107,"height":40,"caption":"B&amp;W Parts-for-Perfection"},"image":{"@id":"https:\/\/www.b-w-parts-for-perfection.com\/fr\/#\/schema\/logo\/image\/"}}]}},"_links":{"self":[{"href":"https:\/\/www.b-w-parts-for-perfection.com\/fr\/wp-json\/wp\/v2\/pages\/3236","targetHints":{"allow":["GET"]}}],"collection":[{"href":"https:\/\/www.b-w-parts-for-perfection.com\/fr\/wp-json\/wp\/v2\/pages"}],"about":[{"href":"https:\/\/www.b-w-parts-for-perfection.com\/fr\/wp-json\/wp\/v2\/types\/page"}],"author":[{"embeddable":true,"href":"https:\/\/www.b-w-parts-for-perfection.com\/fr\/wp-json\/wp\/v2\/users\/6"}],"replies":[{"embeddable":true,"href":"https:\/\/www.b-w-parts-for-perfection.com\/fr\/wp-json\/wp\/v2\/comments?post=3236"}],"version-history":[{"count":1,"href":"https:\/\/www.b-w-parts-for-perfection.com\/fr\/wp-json\/wp\/v2\/pages\/3236\/revisions"}],"predecessor-version":[{"id":3237,"href":"https:\/\/www.b-w-parts-for-perfection.com\/fr\/wp-json\/wp\/v2\/pages\/3236\/revisions\/3237"}],"wp:attachment":[{"href":"https:\/\/www.b-w-parts-for-perfection.com\/fr\/wp-json\/wp\/v2\/media?parent=3236"}],"curies":[{"name":"wp","href":"https:\/\/api.w.org\/{rel}","templated":true}]}}